{"id":27,"date":"2022-09-19T11:03:22","date_gmt":"2022-09-19T11:03:22","guid":{"rendered":"https:\/\/hoteltierrabuxo.com\/?page_id=27"},"modified":"2024-05-24T15:18:49","modified_gmt":"2024-05-24T15:18:49","slug":"aviso-legal","status":"publish","type":"page","link":"https:\/\/hoteltierrabuxo.com\/fr\/aviso-legal\/","title":{"rendered":"Aviso legal"},"content":{"rendered":"\t\t<div data-elementor-type=\"wp-page\" data-elementor-id=\"27\" class=\"elementor elementor-27\" data-elementor-post-type=\"page\">\n\t\t\t\t<div class=\"elementor-element elementor-element-fd066c8 e-flex e-con-boxed e-con e-parent\" data-id=\"fd066c8\" data-element_type=\"container\" data-e-type=\"container\">\n\t\t\t\t\t<div class=\"e-con-inner\">\n\t\t\t\t<div class=\"elementor-element elementor-element-b725289 elementor-widget elementor-widget-text-editor\" data-id=\"b725289\" data-element_type=\"widget\" data-e-type=\"widget\" data-widget_type=\"text-editor.default\">\n\t\t\t\t<div class=\"elementor-widget-container\">\n\t\t\t\t\t\t\t\t\t<h2>AVIS JURIDIQUE ET CONDITIONS G\u00c9N\u00c9RALES D&#8217;UTILISATION<\/h2><h4><b>https:\/\/hoteltierrabuxo.com\/fr<\/b><\/h4><h3>I. INFORMATIONS G\u00c9N\u00c9RALES<\/h3><p>Conform\u00e9ment \u00e0 l&#8217;obligation d&#8217;information pr\u00e9vue par la loi 34\/2002 sur les services de la soci\u00e9t\u00e9 de l&#8217;information et le commerce \u00e9lectronique (LSSI-CE) du 11 juillet, les informations g\u00e9n\u00e9rales suivantes sont fournies sur ce site web :<\/p><p>La propri\u00e9t\u00e9 de ce site web<b>,https:\/\/hoteltierrabuxo.com\/fr<\/b>,(ci-apr\u00e8s d\u00e9nomm\u00e9 le site web) le d\u00e9tient :<b> TIERRA BUXO S.L.<\/b>, un num\u00e9ro d&#8217;identification fiscale : <b>B22396014<\/b> et enregistr\u00e9 en : <b><\/b> dont les coordonn\u00e9es d&#8217;enregistrement sont les suivantes , dont le repr\u00e9sentant est : <b>Marta Romero Castillo<\/b>, et dont les coordonn\u00e9es sont les suivantes<\/p><ul><li>Adresse: <b>C. San Esteban, 14. 22149 Arcusa (Ainsa-Sobrarbe)<\/b><\/li><li>Num\u00e9ro de t\u00e9l\u00e9phone du contact: <b>+34 681 028 674<\/b><\/li><li>Courriel de contact: <b>info@hoteltierrabuxo.com<\/b><\/li><\/ul><h3>II. CONDITIONS G\u00c9N\u00c9RALES D&#8217;UTILISATION<\/h3><h4>L&#8217;objet des conditions g\u00e9n\u00e9rales : Le site web<\/h4><p>Les pr\u00e9sentes conditions g\u00e9n\u00e9rales d&#8217;utilisation (ci-apr\u00e8s d\u00e9nomm\u00e9es \u00abconditions\u00bb) ont pour objet de r\u00e9glementer l&#8217;acc\u00e8s au site web et son utilisation. Aux fins des pr\u00e9sentes conditions g\u00e9n\u00e9rales, on entend par site web : l&#8217;aspect ext\u00e9rieur des interfaces d&#8217;\u00e9cran, tant statiques que dynamiques, c&#8217;est-\u00e0-dire l&#8217;arbre de navigation ; et tous les \u00e9l\u00e9ments int\u00e9gr\u00e9s tant dans les interfaces d&#8217;\u00e9cran que dans l&#8217;arbre de navigation (ci-apr\u00e8s d\u00e9nomm\u00e9s \u00abcontenu\u00bb) et tous les services ou ressources en ligne qui peuvent \u00eatre offerts aux utilisateurs (ci-apr\u00e8s d\u00e9nomm\u00e9s \u00abservices\u00bb).<\/p><p><b>Hotel Tierra Buxo<\/b> se r\u00e9serve le droit de modifier, \u00e0 tout moment et sans pr\u00e9avis, la pr\u00e9sentation et la configuration du site web ainsi que le contenu et les services qui peuvent y \u00eatre incorpor\u00e9s. L&#8217;utilisateur reconna\u00eet et accepte qu&#8217;\u00e0 tout moment <b>Hotel Tierra Buxo<\/b><\/p><p>pourra interrompre, d\u00e9sactiver et\/ou annuler n&#8217;importe lequel de ces \u00e9l\u00e9ments int\u00e9gr\u00e9s au site web ou l&#8217;acc\u00e8s \u00e0 ceux-ci.<\/p><p>L&#8217;acc\u00e8s au site web par l&#8217;utilisateur est libre et, en r\u00e8gle g\u00e9n\u00e9rale, gratuit, sans que l&#8217;utilisateur n&#8217;ait \u00e0 fournir de contrepartie pour en jouir, \u00e0 l&#8217;exception du co\u00fbt de la connexion \u00e0 travers le r\u00e9seau de t\u00e9l\u00e9communications fourni par le fournisseur d&#8217;acc\u00e8s contract\u00e9 par l&#8217;utilisateur.<\/p><p>L&#8217;utilisation de l&#8217;un des contenus ou services du site web peut \u00eatre subordonn\u00e9e \u00e0 la souscription pr\u00e9alable d&#8217;un abonnement ou d&#8217;une inscription par l&#8217;utilisateur.<\/p><h4>L&#8217;utilisateur<\/h4><p>L&#8217;acc\u00e8s, la navigation et l&#8217;utilisation du site Web conf\u00e8rent la condition d&#8217;utilisateur et, par cons\u00e9quent, d\u00e8s le d\u00e9but de la navigation sur le site Web, l&#8217;utilisateur accepte toutes les conditions \u00e9tablies ici, ainsi que toutes les modifications ult\u00e9rieures, sans pr\u00e9judice de l&#8217;application des normes l\u00e9gales correspondantes qui doivent \u00eatre respect\u00e9es dans chaque cas. Compte tenu de l&#8217;importance de ce qui pr\u00e9c\u00e8de, il est recommand\u00e9 \u00e0 l&#8217;utilisateur de les lire chaque fois qu&#8217;il visite le site Web.<\/p><p>Le site web de <b>Hotel Tierra Buxo<\/b> fournit un large \u00e9ventail d&#8217;informations, de services et de donn\u00e9es. L&#8217;utilisateur assume la responsabilit\u00e9 de l&#8217;utilisation correcte du site web. Cette responsabilit\u00e9 s&#8217;\u00e9tend \u00e0 :<\/p><ul><li>Une utilisation des informations, du contenu et\/ou des services et des donn\u00e9es offerts par<b>Hotel Tierra Buxo<\/b> sans \u00eatre contraire aux dispositions des pr\u00e9sentes conditions, \u00e0 la loi, \u00e0 la morale ou \u00e0 l&#8217;ordre public, ou qui, de toute autre mani\u00e8re, pourrait porter atteinte aux droits des tiers ou au fonctionnement du site web.<\/li><li>La v\u00e9racit\u00e9 et la l\u00e9galit\u00e9 des informations fournies par l&#8217;utilisateur sur les formulaires fournis par<b> Hotel Tierra Buxo<\/b> pour l&#8217;acc\u00e8s \u00e0 certains Contenus ou Services offerts par le Site. Dans tous les cas, l&#8217;utilisateur doit imm\u00e9diatement notifier \u00e0 <b>Hotel Tierra Buxo<\/b> de tout \u00e9v\u00e9nement permettant l&#8217;utilisation abusive des informations enregistr\u00e9es dans ces formulaires, tel que, mais sans s&#8217;y limiter, le vol, la perte ou l&#8217;acc\u00e8s non autoris\u00e9 aux identifiants et\/ou aux mots de passe, afin de proc\u00e9der \u00e0 leur annulation imm\u00e9diate.<\/li><\/ul><p>Le simple fait d&#8217;acc\u00e9der \u00e0 ce site web n&#8217;implique pas l&#8217;\u00e9tablissement d&#8217;une quelconque relation commerciale entre<b> Hotel Tierra Buxo <\/b>et l&#8217;utilisateur.<\/p><p>Conform\u00e9ment \u00e0 la l\u00e9gislation en vigueur, ce site web de<b> Hotel Tierra Buxo<\/b> s&#8217;adresse \u00e0 toutes les personnes, quel que soit leur \u00e2ge, qui peuvent acc\u00e9der et\/ou naviguer sur les pages du site web.<\/p><h3>III. L&#8217;ACC\u00c8S ET LA NAVIGATION SUR LE SITE WEB : EXCLUSION DE GARANTIE ET DE RESPONSABILIT\u00c9<\/h3><p><b>Hotel Tierra Buxo<\/b> ne garantit pas la continuit\u00e9, la disponibilit\u00e9 et l&#8217;utilit\u00e9 du site web, du contenu ou des services. <b>Hotel Tierra Buxo<\/b> met tout en \u0153uvre pour assurer le bon fonctionnement du site web, mais ne garantit pas que l&#8217;acc\u00e8s au site web sera ininterrompu ou exempt d&#8217;erreurs.<\/p><p>Elle n&#8217;accepte pas non plus la responsabilit\u00e9 ou la garantie que le contenu ou le logiciel auquel il est possible d&#8217;acc\u00e9der par l&#8217;interm\u00e9diaire de ce site Web est exempt d&#8217;erreurs ou cause des dommages au syst\u00e8me informatique (logiciel et mat\u00e9riel) de l&#8217;utilisateur. En aucun cas<b> Hotel Tierra Buxo<\/b> ne sera pas responsable des pertes, dommages ou pr\u00e9judices de toute nature r\u00e9sultant de l&#8217;acc\u00e8s, de la navigation et de l&#8217;utilisation du site web, y compris, mais sans s&#8217;y limiter, les pertes, dommages ou pr\u00e9judices caus\u00e9s aux syst\u00e8mes informatiques ou caus\u00e9s par l&#8217;introduction de virus.<\/p><p><b>Hotel Tierra Buxo<\/b> n&#8217;est pas responsable des dommages qui pourraient \u00eatre caus\u00e9s aux utilisateurs en raison d&#8217;une utilisation inappropri\u00e9e de ce site web. En particulier, il n&#8217;est pas responsable, de quelque mani\u00e8re que ce soit, des pannes, interruptions, d\u00e9fauts ou d\u00e9faillances des t\u00e9l\u00e9communications qui pourraient survenir.<\/p><h3>IV. POLITIQUE DES LIENS<\/h3><p>Veuillez noter que le site web de<b> Hotel Tierra Buxo <\/b>met ou peut mettre \u00e0 la disposition des utilisateurs des moyens de liaison (tels que, entre autres, des liens, des banni\u00e8res, des boutons), des r\u00e9pertoires et des moteurs de recherche qui permettent aux utilisateurs d&#8217;acc\u00e9der \u00e0 des sites web appartenant \u00e0 des tiers et\/ou g\u00e9r\u00e9s par des tiers.<\/p><p>L&#8217;installation de ces liens, r\u00e9pertoires et moteurs de recherche sur le site Web a pour but de faciliter la recherche et l&#8217;acc\u00e8s des utilisateurs aux informations disponibles sur Internet, et ne peut \u00eatre consid\u00e9r\u00e9e comme une suggestion, une recommandation ou une invitation \u00e0 les visiter.<\/p><p><b>Hotel Tierra Buxo<\/b> n&#8217;offre ni ne commercialise elle-m\u00eame, ou par l&#8217;interm\u00e9diaire de tiers, les produits et\/ou services disponibles sur ces sites li\u00e9s.<\/p><p>Elle ne garantit pas non plus la disponibilit\u00e9 technique, l&#8217;exactitude, la v\u00e9racit\u00e9, la validit\u00e9 ou la l\u00e9galit\u00e9 des sites ne lui appartenant pas et accessibles par les liens.<\/p><p><b>Hotel Tierra Buxo<\/b> n&#8217;examine ni ne contr\u00f4le en aucune mani\u00e8re le contenu d&#8217;autres sites web, pas plus qu&#8217;elle n&#8217;approuve, n&#8217;examine ou ne cautionne les produits et services, le contenu, les fichiers et tout autre mat\u00e9riel figurant sur ces sites li\u00e9s.<\/p><p><b>Hotel Tierra Buxo<\/b> n&#8217;assume aucune responsabilit\u00e9 pour les dommages qui pourraient r\u00e9sulter de l&#8217;acc\u00e8s, de l&#8217;utilisation, de la qualit\u00e9 ou de la l\u00e9galit\u00e9 des contenus, des communications, des opinions, des produits et des services des sites web qui ne sont pas g\u00e9r\u00e9s par <b>Hotel Tierra Buxo<\/b> et qui sont li\u00e9s \u00e0 ce site web.<\/p><p>L&#8217;utilisateur ou le tiers qui cr\u00e9e un lien hypertexte \u00e0 partir d&#8217;une page web d&#8217;un autre site web vers le site web de<b> Hotel Tierra Buxo<\/b><\/p><p>vous devez savoir que :<\/p><p>Aucune reproduction &#8211; totale ou partielle &#8211; du contenu et\/ou des services du site Web n&#8217;est autoris\u00e9e sans l&#8217;autorisation expresse de <b>Hotel Tierra Buxo<\/b>.<\/p><p>Aucune d\u00e9claration fausse, inexacte ou incorrecte concernant le site web de<b> Hotel Tierra Buxo<\/b>, ni sur le contenu et\/ou les services de ce dernier.<\/p><p>\u00c0 l&#8217;exception de l&#8217;hyperlien, le site web sur lequel l&#8217;hyperlien est \u00e9tabli ne contiendra aucun \u00e9l\u00e9ment de ce site web prot\u00e9g\u00e9 en tant que propri\u00e9t\u00e9 intellectuelle par la loi espagnole, sauf autorisation expresse de la part de<b> Hotel Tierra Buxo<\/b>.<\/p><p>L&#8217;\u00e9tablissement d&#8217;un lien hypertexte n&#8217;implique pas l&#8217;existence de relations entre<b> Hotel Tierra Buxo<\/b> et le propri\u00e9taire du site web \u00e0 partir duquel elle est effectu\u00e9e, ni la connaissance et l&#8217;acceptation de la part de l&#8217;utilisateur du site web. <b>Hotel Tierra Buxo<\/b> des contenus, services et\/ou activit\u00e9s propos\u00e9s sur ce site, et vice versa.<\/p><h3>V. PROPRI\u00c9T\u00c9 INTELLECTUELLE ET INDUSTRIELLE<\/h3><p><b>Hotel Tierra Buxo<\/b><\/p><p>est titulaire, seul ou en tant que cessionnaire, de tous les droits de propri\u00e9t\u00e9 intellectuelle et industrielle du site Web, ainsi que des \u00e9l\u00e9ments qu&#8217;il contient (y compris, mais sans s&#8217;y limiter, les images, le son, l&#8217;audio, la vid\u00e9o, les logiciels ou les textes, les marques ou les logos, les combinaisons de couleurs, la structure et la conception, le choix des mat\u00e9riaux utilis\u00e9s, les programmes informatiques n\u00e9cessaires \u00e0 son fonctionnement, \u00e0 son acc\u00e8s et \u00e0 son utilisation, etc.) ). Il s&#8217;agit donc d&#8217;\u0153uvres prot\u00e9g\u00e9es en tant que propri\u00e9t\u00e9 intellectuelle par le syst\u00e8me juridique espagnol, auquel s&#8217;appliquent les r\u00e9glementations espagnoles et communautaires en la mati\u00e8re, ainsi que les trait\u00e9s internationaux sign\u00e9s par l&#8217;Espagne en la mati\u00e8re.<\/p><p>Tous les droits sont r\u00e9serv\u00e9s. En vertu des dispositions de la loi sur la propri\u00e9t\u00e9 intellectuelle, la reproduction, la distribution et la communication publique, y compris la mise \u00e0 disposition, de tout ou partie du contenu de ce site Web, \u00e0 des fins commerciales, sur tout support et par tout moyen technique, sont express\u00e9ment interdites sans l&#8217;autorisation de<\/p><p><b>Hotel Tierra Buxo<\/b>.<\/p><p>L&#8217;utilisateur s&#8217;engage \u00e0 respecter les droits de propri\u00e9t\u00e9 intellectuelle et industrielle de<b> Hotel Tierra Buxo<\/b>. Vous pouvez visualiser les \u00e9l\u00e9ments du site web, voire les imprimer, les copier et les stocker sur le disque dur de votre ordinateur ou sur tout autre support physique, \u00e0 condition que ce soit exclusivement pour votre usage personnel. L&#8217;utilisateur ne peut toutefois pas supprimer, modifier ou manipuler tout dispositif de protection ou syst\u00e8me de s\u00e9curit\u00e9 install\u00e9 sur le site web.<\/p><p>Si l&#8217;utilisateur ou un tiers consid\u00e8re que l&#8217;un des contenus du site Web implique une violation des droits de protection de la propri\u00e9t\u00e9 intellectuelle, il doit en informer imm\u00e9diatement<b> Hotel Tierra Buxo<\/b> via les coordonn\u00e9es figurant dans la section INFORMATIONS G\u00c9N\u00c9RALES du pr\u00e9sent avis juridique et des conditions g\u00e9n\u00e9rales d&#8217;utilisation.<\/p><h3>VI. ACTIONS EN JUSTICE, DROIT APPLICABLE ET JURIDICTION<\/h3><p><b>Hotel Tierra Buxo<\/b><\/p><p>se r\u00e9serve le droit d&#8217;intenter toute action civile ou p\u00e9nale qu&#8217;elle juge n\u00e9cessaire en cas d&#8217;utilisation inappropri\u00e9e du site web et de son contenu, ou en cas de violation des pr\u00e9sentes conditions.<\/p><p>La relation entre l&#8217;utilisateur et <b>Hotel Tierra Buxo <\/b>sont r\u00e9gies par la r\u00e9glementation en vigueur et applicable sur le territoire espagnol. En cas de litige relatif \u00e0 l&#8217;interpr\u00e9tation et\/ou \u00e0 l&#8217;application des pr\u00e9sentes conditions, les parties soumettront leurs diff\u00e9rends \u00e0 la juridiction ordinaire, en s&#8217;en remettant aux juges et aux tribunaux correspondants conform\u00e9ment \u00e0 la loi.<\/p><p>Le pr\u00e9sent document de mentions l\u00e9gales et conditions g\u00e9n\u00e9rales d&#8217;utilisation du site web a \u00e9t\u00e9 cr\u00e9\u00e9 \u00e0 l&#8217;aide du g\u00e9n\u00e9rateur de<a href=\"https:\/\/textos-legales.edgartamarit.com\/\"> mod\u00e8les de mentions l\u00e9gales et conditions g\u00e9n\u00e9rales d&#8217;utilisation<\/a> en ligne le 16\/09\/2022.<\/p>\t\t\t\t\t\t\t\t<\/div>\n\t\t\t\t<\/div>\n\t\t\t\t\t<\/div>\n\t\t\t\t<\/div>\n\t\t\t\t<\/div>\n\t\t","protected":false},"excerpt":{"rendered":"<p>AVIS JURIDIQUE ET CONDITIONS G\u00c9N\u00c9RALES D&#8217;UTILISATION I. INFORMATIONS G\u00c9N\u00c9RALES Conform\u00e9ment \u00e0 l&#8217;obligation d&#8217;information pr\u00e9vue par la loi 34\/2002 sur les services de la soci\u00e9t\u00e9 de l&#8217;information et le commerce \u00e9lectronique (LSSI-CE) du 11 juillet, les informations g\u00e9n\u00e9rales suivantes sont fournies sur ce site web : La propri\u00e9t\u00e9 de ce site web,,(ci-apr\u00e8s d\u00e9nomm\u00e9 le site web) [&hellip;]<\/p>\n","protected":false},"author":1,"featured_media":0,"parent":0,"menu_order":0,"comment_status":"closed","ping_status":"closed","template":"elementor_header_footer","meta":{"footnotes":""},"class_list":["post-27","page","type-page","status-publish","hentry"],"yoast_head":"<!-- This site is optimized with the Yoast SEO plugin v27.5 - https:\/\/yoast.com\/product\/yoast-seo-wordpress\/ -->\n<title>Aviso legal - tierra buxo FR<\/title>\n<meta name=\"robots\" content=\"noindex, nofollow\" \/>\n<meta property=\"og:locale\" content=\"es_ES\" \/>\n<meta property=\"og:type\" content=\"article\" \/>\n<meta property=\"og:title\" content=\"Aviso legal - tierra buxo FR\" \/>\n<meta property=\"og:description\" content=\"AVIS JURIDIQUE ET CONDITIONS G\u00c9N\u00c9RALES D&#8217;UTILISATION I. INFORMATIONS G\u00c9N\u00c9RALES Conform\u00e9ment \u00e0 l&#8217;obligation d&#8217;information pr\u00e9vue par la loi 34\/2002 sur les services de la soci\u00e9t\u00e9 de l&#8217;information et le commerce \u00e9lectronique (LSSI-CE) du 11 juillet, les informations g\u00e9n\u00e9rales suivantes sont fournies sur ce site web : La propri\u00e9t\u00e9 de ce site web,,(ci-apr\u00e8s d\u00e9nomm\u00e9 le site web) [&hellip;]\" \/>\n<meta property=\"og:url\" content=\"https:\/\/hoteltierrabuxo.com\/fr\/aviso-legal\/\" \/>\n<meta property=\"og:site_name\" content=\"tierra buxo FR\" \/>\n<meta property=\"article:modified_time\" content=\"2024-05-24T15:18:49+00:00\" \/>\n<meta name=\"twitter:card\" content=\"summary_large_image\" \/>\n<meta name=\"twitter:label1\" content=\"Tiempo de lectura\" \/>\n\t<meta name=\"twitter:data1\" content=\"8 minutos\" \/>\n<script type=\"application\/ld+json\" class=\"yoast-schema-graph\">{\"@context\":\"https:\\\/\\\/schema.org\",\"@graph\":[{\"@type\":\"WebPage\",\"@id\":\"https:\\\/\\\/hoteltierrabuxo.com\\\/fr\\\/aviso-legal\\\/\",\"url\":\"https:\\\/\\\/hoteltierrabuxo.com\\\/fr\\\/aviso-legal\\\/\",\"name\":\"Aviso legal - tierra buxo FR\",\"isPartOf\":{\"@id\":\"https:\\\/\\\/hoteltierrabuxo.com\\\/fr\\\/#website\"},\"datePublished\":\"2022-09-19T11:03:22+00:00\",\"dateModified\":\"2024-05-24T15:18:49+00:00\",\"breadcrumb\":{\"@id\":\"https:\\\/\\\/hoteltierrabuxo.com\\\/fr\\\/aviso-legal\\\/#breadcrumb\"},\"inLanguage\":\"es\",\"potentialAction\":[{\"@type\":\"ReadAction\",\"target\":[\"https:\\\/\\\/hoteltierrabuxo.com\\\/fr\\\/aviso-legal\\\/\"]}]},{\"@type\":\"BreadcrumbList\",\"@id\":\"https:\\\/\\\/hoteltierrabuxo.com\\\/fr\\\/aviso-legal\\\/#breadcrumb\",\"itemListElement\":[{\"@type\":\"ListItem\",\"position\":1,\"name\":\"Portada\",\"item\":\"https:\\\/\\\/hoteltierrabuxo.com\\\/fr\\\/\"},{\"@type\":\"ListItem\",\"position\":2,\"name\":\"Aviso legal\"}]},{\"@type\":\"WebSite\",\"@id\":\"https:\\\/\\\/hoteltierrabuxo.com\\\/fr\\\/#website\",\"url\":\"https:\\\/\\\/hoteltierrabuxo.com\\\/fr\\\/\",\"name\":\"tierra buxo FR\",\"description\":\"WEB OFICIAL\u00ae Reservas directamente con el HOTEL TIERRA BUXO, descuentos exclusivos en la Web Oficial al mejor precio garantizado\",\"publisher\":{\"@id\":\"https:\\\/\\\/hoteltierrabuxo.com\\\/fr\\\/#organization\"},\"potentialAction\":[{\"@type\":\"SearchAction\",\"target\":{\"@type\":\"EntryPoint\",\"urlTemplate\":\"https:\\\/\\\/hoteltierrabuxo.com\\\/fr\\\/?s={search_term_string}\"},\"query-input\":{\"@type\":\"PropertyValueSpecification\",\"valueRequired\":true,\"valueName\":\"search_term_string\"}}],\"inLanguage\":\"es\"},{\"@type\":\"Organization\",\"@id\":\"https:\\\/\\\/hoteltierrabuxo.com\\\/fr\\\/#organization\",\"name\":\"tierra buxo FR\",\"url\":\"https:\\\/\\\/hoteltierrabuxo.com\\\/fr\\\/\",\"logo\":{\"@type\":\"ImageObject\",\"inLanguage\":\"es\",\"@id\":\"https:\\\/\\\/hoteltierrabuxo.com\\\/fr\\\/#\\\/schema\\\/logo\\\/image\\\/\",\"url\":\"https:\\\/\\\/hoteltierrabuxo.com\\\/fr\\\/wp-content\\\/uploads\\\/sites\\\/4\\\/Logo-Tierra-Bouxo-Simple-Sticky-copy.webp\",\"contentUrl\":\"https:\\\/\\\/hoteltierrabuxo.com\\\/fr\\\/wp-content\\\/uploads\\\/sites\\\/4\\\/Logo-Tierra-Bouxo-Simple-Sticky-copy.webp\",\"width\":500,\"height\":339,\"caption\":\"tierra buxo FR\"},\"image\":{\"@id\":\"https:\\\/\\\/hoteltierrabuxo.com\\\/fr\\\/#\\\/schema\\\/logo\\\/image\\\/\"}}]}<\/script>\n<!-- \/ Yoast SEO plugin. -->","yoast_head_json":{"title":"Aviso legal - tierra buxo FR","robots":{"index":"noindex","follow":"nofollow"},"og_locale":"es_ES","og_type":"article","og_title":"Aviso legal - tierra buxo FR","og_description":"AVIS JURIDIQUE ET CONDITIONS G\u00c9N\u00c9RALES D&#8217;UTILISATION I. INFORMATIONS G\u00c9N\u00c9RALES Conform\u00e9ment \u00e0 l&#8217;obligation d&#8217;information pr\u00e9vue par la loi 34\/2002 sur les services de la soci\u00e9t\u00e9 de l&#8217;information et le commerce \u00e9lectronique (LSSI-CE) du 11 juillet, les informations g\u00e9n\u00e9rales suivantes sont fournies sur ce site web : La propri\u00e9t\u00e9 de ce site web,,(ci-apr\u00e8s d\u00e9nomm\u00e9 le site web) [&hellip;]","og_url":"https:\/\/hoteltierrabuxo.com\/fr\/aviso-legal\/","og_site_name":"tierra buxo FR","article_modified_time":"2024-05-24T15:18:49+00:00","twitter_card":"summary_large_image","twitter_misc":{"Tiempo de lectura":"8 minutos"},"schema":{"@context":"https:\/\/schema.org","@graph":[{"@type":"WebPage","@id":"https:\/\/hoteltierrabuxo.com\/fr\/aviso-legal\/","url":"https:\/\/hoteltierrabuxo.com\/fr\/aviso-legal\/","name":"Aviso legal - tierra buxo FR","isPartOf":{"@id":"https:\/\/hoteltierrabuxo.com\/fr\/#website"},"datePublished":"2022-09-19T11:03:22+00:00","dateModified":"2024-05-24T15:18:49+00:00","breadcrumb":{"@id":"https:\/\/hoteltierrabuxo.com\/fr\/aviso-legal\/#breadcrumb"},"inLanguage":"es","potentialAction":[{"@type":"ReadAction","target":["https:\/\/hoteltierrabuxo.com\/fr\/aviso-legal\/"]}]},{"@type":"BreadcrumbList","@id":"https:\/\/hoteltierrabuxo.com\/fr\/aviso-legal\/#breadcrumb","itemListElement":[{"@type":"ListItem","position":1,"name":"Portada","item":"https:\/\/hoteltierrabuxo.com\/fr\/"},{"@type":"ListItem","position":2,"name":"Aviso legal"}]},{"@type":"WebSite","@id":"https:\/\/hoteltierrabuxo.com\/fr\/#website","url":"https:\/\/hoteltierrabuxo.com\/fr\/","name":"tierra buxo FR","description":"WEB OFICIAL\u00ae Reservas directamente con el HOTEL TIERRA BUXO, descuentos exclusivos en la Web Oficial al mejor precio garantizado","publisher":{"@id":"https:\/\/hoteltierrabuxo.com\/fr\/#organization"},"potentialAction":[{"@type":"SearchAction","target":{"@type":"EntryPoint","urlTemplate":"https:\/\/hoteltierrabuxo.com\/fr\/?s={search_term_string}"},"query-input":{"@type":"PropertyValueSpecification","valueRequired":true,"valueName":"search_term_string"}}],"inLanguage":"es"},{"@type":"Organization","@id":"https:\/\/hoteltierrabuxo.com\/fr\/#organization","name":"tierra buxo FR","url":"https:\/\/hoteltierrabuxo.com\/fr\/","logo":{"@type":"ImageObject","inLanguage":"es","@id":"https:\/\/hoteltierrabuxo.com\/fr\/#\/schema\/logo\/image\/","url":"https:\/\/hoteltierrabuxo.com\/fr\/wp-content\/uploads\/sites\/4\/Logo-Tierra-Bouxo-Simple-Sticky-copy.webp","contentUrl":"https:\/\/hoteltierrabuxo.com\/fr\/wp-content\/uploads\/sites\/4\/Logo-Tierra-Bouxo-Simple-Sticky-copy.webp","width":500,"height":339,"caption":"tierra buxo FR"},"image":{"@id":"https:\/\/hoteltierrabuxo.com\/fr\/#\/schema\/logo\/image\/"}}]}},"_links":{"self":[{"href":"https:\/\/hoteltierrabuxo.com\/fr\/wp-json\/wp\/v2\/pages\/27","targetHints":{"allow":["GET"]}}],"collection":[{"href":"https:\/\/hoteltierrabuxo.com\/fr\/wp-json\/wp\/v2\/pages"}],"about":[{"href":"https:\/\/hoteltierrabuxo.com\/fr\/wp-json\/wp\/v2\/types\/page"}],"author":[{"embeddable":true,"href":"https:\/\/hoteltierrabuxo.com\/fr\/wp-json\/wp\/v2\/users\/1"}],"replies":[{"embeddable":true,"href":"https:\/\/hoteltierrabuxo.com\/fr\/wp-json\/wp\/v2\/comments?post=27"}],"version-history":[{"count":3,"href":"https:\/\/hoteltierrabuxo.com\/fr\/wp-json\/wp\/v2\/pages\/27\/revisions"}],"predecessor-version":[{"id":2798,"href":"https:\/\/hoteltierrabuxo.com\/fr\/wp-json\/wp\/v2\/pages\/27\/revisions\/2798"}],"wp:attachment":[{"href":"https:\/\/hoteltierrabuxo.com\/fr\/wp-json\/wp\/v2\/media?parent=27"}],"curies":[{"name":"wp","href":"https:\/\/api.w.org\/{rel}","templated":true}]}}