{"id":767,"date":"2023-04-04T20:38:22","date_gmt":"2023-04-04T20:38:22","guid":{"rendered":"https:\/\/hoteltierrabuxo.com\/galeria-hotel-tierra-buxo-2\/"},"modified":"2024-05-24T13:27:47","modified_gmt":"2024-05-24T13:27:47","slug":"reservas-hotel-tierra-buxo","status":"publish","type":"page","link":"https:\/\/hoteltierrabuxo.com\/fr\/reservas-hotel-tierra-buxo\/","title":{"rendered":"Reservas Hotel Tierra Buxo"},"content":{"rendered":"\t\t<div data-elementor-type=\"wp-page\" data-elementor-id=\"767\" class=\"elementor elementor-767\" data-elementor-post-type=\"page\">\n\t\t\t\t<div class=\"elementor-element elementor-element-79919ce6 e-flex e-con-boxed e-con e-parent\" data-id=\"79919ce6\" data-element_type=\"container\" data-e-type=\"container\" data-settings=\"{&quot;background_background&quot;:&quot;classic&quot;}\">\n\t\t\t\t\t<div class=\"e-con-inner\">\n\t\t\t\t<div class=\"elementor-element elementor-element-5350cb72 elementor-widget elementor-widget-heading\" data-id=\"5350cb72\" data-element_type=\"widget\" data-e-type=\"widget\" data-widget_type=\"heading.default\">\n\t\t\t\t<div class=\"elementor-widget-container\">\n\t\t\t\t\t<h1 class=\"elementor-heading-title elementor-size-default\">r\u00e9servations<\/h1>\t\t\t\t<\/div>\n\t\t\t\t<\/div>\n\t\t\t\t<div class=\"elementor-element elementor-element-7f7db610 elementor-widget elementor-widget-heading\" data-id=\"7f7db610\" data-element_type=\"widget\" data-e-type=\"widget\" data-widget_type=\"heading.default\">\n\t\t\t\t<div class=\"elementor-widget-container\">\n\t\t\t\t\t<h2 class=\"elementor-heading-title elementor-size-default\">TIERRA <b>BUXO<\/b> | LE LUXE EN PLEINE NATURE<\/h2>\t\t\t\t<\/div>\n\t\t\t\t<\/div>\n\t\t\t\t<div class=\"elementor-element elementor-element-72fc17fb elementor-widget-divider--view-line elementor-widget elementor-widget-divider\" data-id=\"72fc17fb\" data-element_type=\"widget\" data-e-type=\"widget\" data-widget_type=\"divider.default\">\n\t\t\t\t<div class=\"elementor-widget-container\">\n\t\t\t\t\t\t\t<div class=\"elementor-divider\">\n\t\t\t<span class=\"elementor-divider-separator\">\n\t\t\t\t\t\t<\/span>\n\t\t<\/div>\n\t\t\t\t\t\t<\/div>\n\t\t\t\t<\/div>\n\t\t\t\t<div class=\"elementor-element elementor-element-6186ae5f elementor-widget elementor-widget-heading\" data-id=\"6186ae5f\" data-element_type=\"widget\" data-e-type=\"widget\" data-widget_type=\"heading.default\">\n\t\t\t\t<div class=\"elementor-widget-container\">\n\t\t\t\t\t<h3 class=\"elementor-heading-title elementor-size-default\">NOUS GARANTISSONS LE MEILLEUR PRIX EN LIGNE<\/h3>\t\t\t\t<\/div>\n\t\t\t\t<\/div>\n\t\t\t\t\t<\/div>\n\t\t\t\t<\/div>\n\t\t<div class=\"elementor-element elementor-element-3f328f4 e-flex e-con-boxed e-con e-parent\" data-id=\"3f328f4\" data-element_type=\"container\" data-e-type=\"container\">\n\t\t\t\t\t<div class=\"e-con-inner\">\n\t\t\t\t<div class=\"elementor-element elementor-element-c98ce44 elementor-widget elementor-widget-text-editor\" data-id=\"c98ce44\" data-element_type=\"widget\" data-e-type=\"widget\" data-widget_type=\"text-editor.default\">\n\t\t\t\t<div class=\"elementor-widget-container\">\n\t\t\t\t\t\t\t\t\t<p>R\u00e9servez en ligne au meilleur prix garanti et b\u00e9n\u00e9ficiez de r\u00e9ductions et de promotions sp\u00e9ciales uniquement sur notre site officiel.<\/p>\t\t\t\t\t\t\t\t<\/div>\n\t\t\t\t<\/div>\n\t\t\t\t\t<\/div>\n\t\t\t\t<\/div>\n\t\t<div class=\"elementor-element elementor-element-ae785bc e-flex e-con-boxed e-con e-parent\" data-id=\"ae785bc\" data-element_type=\"container\" data-e-type=\"container\">\n\t\t\t\t\t<div class=\"e-con-inner\">\n\t\t\t\t<div class=\"elementor-element elementor-element-c35a991 elementor-widget__width-initial elementor-widget elementor-widget-html\" data-id=\"c35a991\" data-element_type=\"widget\" data-e-type=\"widget\" data-widget_type=\"html.default\">\n\t\t\t\t<div class=\"elementor-widget-container\">\n\t\t\t\t\t\n<iframe id=\"amr-iframe\" src=\"https:\/\/booking.avirato.com\/?code=67033765&lang=es\"><\/iframe>\t\t\t\t<\/div>\n\t\t\t\t<\/div>\n\t\t\t\t\t<\/div>\n\t\t\t\t<\/div>\n\t\t\t\t<\/div>\n\t\t","protected":false},"excerpt":{"rendered":"<p>r\u00e9servations TIERRA BUXO | LE LUXE EN PLEINE NATURE NOUS GARANTISSONS LE MEILLEUR PRIX EN LIGNE R\u00e9servez en ligne au meilleur prix garanti et b\u00e9n\u00e9ficiez de r\u00e9ductions et de promotions sp\u00e9ciales uniquement sur notre site officiel.<\/p>\n","protected":false},"author":1,"featured_media":0,"parent":0,"menu_order":0,"comment_status":"closed","ping_status":"closed","template":"","meta":{"footnotes":""},"class_list":["post-767","page","type-page","status-publish","hentry"],"yoast_head":"<!-- This site is optimized with the Yoast SEO plugin v27.5 - https:\/\/yoast.com\/product\/yoast-seo-wordpress\/ -->\n<title>Reservas Hotel Tierra Buxo - en Arcusa - Adults Only<\/title>\n<meta name=\"description\" content=\"Reserva al mejor precio online garantizado y disfruta de descuentos y promociones especiales solo desde nuestra Web Oficial.\" \/>\n<meta name=\"robots\" content=\"index, follow, max-snippet:-1, max-image-preview:large, max-video-preview:-1\" \/>\n<link rel=\"canonical\" href=\"https:\/\/hoteltierrabuxo.com\/fr\/reservas-hotel-tierra-buxo\/\" \/>\n<meta property=\"og:locale\" content=\"es_ES\" \/>\n<meta property=\"og:type\" content=\"article\" \/>\n<meta property=\"og:title\" content=\"Reservas Hotel Tierra Buxo - en Arcusa - Adults Only\" \/>\n<meta property=\"og:description\" content=\"Reserva al mejor precio online garantizado y disfruta de descuentos y promociones especiales solo desde nuestra Web Oficial.\" \/>\n<meta property=\"og:url\" content=\"https:\/\/hoteltierrabuxo.com\/fr\/reservas-hotel-tierra-buxo\/\" \/>\n<meta property=\"og:site_name\" content=\"tierra buxo FR\" \/>\n<meta property=\"article:modified_time\" content=\"2024-05-24T13:27:47+00:00\" \/>\n<meta name=\"twitter:card\" content=\"summary_large_image\" \/>\n<meta name=\"twitter:label1\" content=\"Tiempo de lectura\" \/>\n\t<meta name=\"twitter:data1\" content=\"1 minuto\" \/>\n<script type=\"application\/ld+json\" class=\"yoast-schema-graph\">{\"@context\":\"https:\\\/\\\/schema.org\",\"@graph\":[{\"@type\":\"WebPage\",\"@id\":\"https:\\\/\\\/hoteltierrabuxo.com\\\/fr\\\/reservas-hotel-tierra-buxo\\\/\",\"url\":\"https:\\\/\\\/hoteltierrabuxo.com\\\/fr\\\/reservas-hotel-tierra-buxo\\\/\",\"name\":\"Reservas Hotel Tierra Buxo - en Arcusa - Adults Only\",\"isPartOf\":{\"@id\":\"https:\\\/\\\/hoteltierrabuxo.com\\\/fr\\\/#website\"},\"datePublished\":\"2023-04-04T20:38:22+00:00\",\"dateModified\":\"2024-05-24T13:27:47+00:00\",\"description\":\"Reserva al mejor precio online garantizado y disfruta de descuentos y promociones especiales solo desde nuestra Web Oficial.\",\"breadcrumb\":{\"@id\":\"https:\\\/\\\/hoteltierrabuxo.com\\\/fr\\\/reservas-hotel-tierra-buxo\\\/#breadcrumb\"},\"inLanguage\":\"es\",\"potentialAction\":[{\"@type\":\"ReadAction\",\"target\":[\"https:\\\/\\\/hoteltierrabuxo.com\\\/fr\\\/reservas-hotel-tierra-buxo\\\/\"]}]},{\"@type\":\"BreadcrumbList\",\"@id\":\"https:\\\/\\\/hoteltierrabuxo.com\\\/fr\\\/reservas-hotel-tierra-buxo\\\/#breadcrumb\",\"itemListElement\":[{\"@type\":\"ListItem\",\"position\":1,\"name\":\"Portada\",\"item\":\"https:\\\/\\\/hoteltierrabuxo.com\\\/fr\\\/\"},{\"@type\":\"ListItem\",\"position\":2,\"name\":\"Reservas Hotel Tierra Buxo\"}]},{\"@type\":\"WebSite\",\"@id\":\"https:\\\/\\\/hoteltierrabuxo.com\\\/fr\\\/#website\",\"url\":\"https:\\\/\\\/hoteltierrabuxo.com\\\/fr\\\/\",\"name\":\"tierra buxo FR\",\"description\":\"WEB OFICIAL\u00ae Reservas directamente con el HOTEL TIERRA BUXO, descuentos exclusivos en la Web Oficial al mejor precio garantizado\",\"publisher\":{\"@id\":\"https:\\\/\\\/hoteltierrabuxo.com\\\/fr\\\/#organization\"},\"potentialAction\":[{\"@type\":\"SearchAction\",\"target\":{\"@type\":\"EntryPoint\",\"urlTemplate\":\"https:\\\/\\\/hoteltierrabuxo.com\\\/fr\\\/?s={search_term_string}\"},\"query-input\":{\"@type\":\"PropertyValueSpecification\",\"valueRequired\":true,\"valueName\":\"search_term_string\"}}],\"inLanguage\":\"es\"},{\"@type\":\"Organization\",\"@id\":\"https:\\\/\\\/hoteltierrabuxo.com\\\/fr\\\/#organization\",\"name\":\"tierra buxo FR\",\"url\":\"https:\\\/\\\/hoteltierrabuxo.com\\\/fr\\\/\",\"logo\":{\"@type\":\"ImageObject\",\"inLanguage\":\"es\",\"@id\":\"https:\\\/\\\/hoteltierrabuxo.com\\\/fr\\\/#\\\/schema\\\/logo\\\/image\\\/\",\"url\":\"https:\\\/\\\/hoteltierrabuxo.com\\\/fr\\\/wp-content\\\/uploads\\\/sites\\\/4\\\/Logo-Tierra-Bouxo-Simple-Sticky-copy.webp\",\"contentUrl\":\"https:\\\/\\\/hoteltierrabuxo.com\\\/fr\\\/wp-content\\\/uploads\\\/sites\\\/4\\\/Logo-Tierra-Bouxo-Simple-Sticky-copy.webp\",\"width\":500,\"height\":339,\"caption\":\"tierra buxo FR\"},\"image\":{\"@id\":\"https:\\\/\\\/hoteltierrabuxo.com\\\/fr\\\/#\\\/schema\\\/logo\\\/image\\\/\"}}]}<\/script>\n<!-- \/ Yoast SEO plugin. -->","yoast_head_json":{"title":"Reservas Hotel Tierra Buxo - en Arcusa - Adults Only","description":"Reserva al mejor precio online garantizado y disfruta de descuentos y promociones especiales solo desde nuestra Web Oficial.","robots":{"index":"index","follow":"follow","max-snippet":"max-snippet:-1","max-image-preview":"max-image-preview:large","max-video-preview":"max-video-preview:-1"},"canonical":"https:\/\/hoteltierrabuxo.com\/fr\/reservas-hotel-tierra-buxo\/","og_locale":"es_ES","og_type":"article","og_title":"Reservas Hotel Tierra Buxo - en Arcusa - Adults Only","og_description":"Reserva al mejor precio online garantizado y disfruta de descuentos y promociones especiales solo desde nuestra Web Oficial.","og_url":"https:\/\/hoteltierrabuxo.com\/fr\/reservas-hotel-tierra-buxo\/","og_site_name":"tierra buxo FR","article_modified_time":"2024-05-24T13:27:47+00:00","twitter_card":"summary_large_image","twitter_misc":{"Tiempo de lectura":"1 minuto"},"schema":{"@context":"https:\/\/schema.org","@graph":[{"@type":"WebPage","@id":"https:\/\/hoteltierrabuxo.com\/fr\/reservas-hotel-tierra-buxo\/","url":"https:\/\/hoteltierrabuxo.com\/fr\/reservas-hotel-tierra-buxo\/","name":"Reservas Hotel Tierra Buxo - en Arcusa - Adults Only","isPartOf":{"@id":"https:\/\/hoteltierrabuxo.com\/fr\/#website"},"datePublished":"2023-04-04T20:38:22+00:00","dateModified":"2024-05-24T13:27:47+00:00","description":"Reserva al mejor precio online garantizado y disfruta de descuentos y promociones especiales solo desde nuestra Web Oficial.","breadcrumb":{"@id":"https:\/\/hoteltierrabuxo.com\/fr\/reservas-hotel-tierra-buxo\/#breadcrumb"},"inLanguage":"es","potentialAction":[{"@type":"ReadAction","target":["https:\/\/hoteltierrabuxo.com\/fr\/reservas-hotel-tierra-buxo\/"]}]},{"@type":"BreadcrumbList","@id":"https:\/\/hoteltierrabuxo.com\/fr\/reservas-hotel-tierra-buxo\/#breadcrumb","itemListElement":[{"@type":"ListItem","position":1,"name":"Portada","item":"https:\/\/hoteltierrabuxo.com\/fr\/"},{"@type":"ListItem","position":2,"name":"Reservas Hotel Tierra Buxo"}]},{"@type":"WebSite","@id":"https:\/\/hoteltierrabuxo.com\/fr\/#website","url":"https:\/\/hoteltierrabuxo.com\/fr\/","name":"tierra buxo FR","description":"WEB OFICIAL\u00ae Reservas directamente con el HOTEL TIERRA BUXO, descuentos exclusivos en la Web Oficial al mejor precio garantizado","publisher":{"@id":"https:\/\/hoteltierrabuxo.com\/fr\/#organization"},"potentialAction":[{"@type":"SearchAction","target":{"@type":"EntryPoint","urlTemplate":"https:\/\/hoteltierrabuxo.com\/fr\/?s={search_term_string}"},"query-input":{"@type":"PropertyValueSpecification","valueRequired":true,"valueName":"search_term_string"}}],"inLanguage":"es"},{"@type":"Organization","@id":"https:\/\/hoteltierrabuxo.com\/fr\/#organization","name":"tierra buxo FR","url":"https:\/\/hoteltierrabuxo.com\/fr\/","logo":{"@type":"ImageObject","inLanguage":"es","@id":"https:\/\/hoteltierrabuxo.com\/fr\/#\/schema\/logo\/image\/","url":"https:\/\/hoteltierrabuxo.com\/fr\/wp-content\/uploads\/sites\/4\/Logo-Tierra-Bouxo-Simple-Sticky-copy.webp","contentUrl":"https:\/\/hoteltierrabuxo.com\/fr\/wp-content\/uploads\/sites\/4\/Logo-Tierra-Bouxo-Simple-Sticky-copy.webp","width":500,"height":339,"caption":"tierra buxo FR"},"image":{"@id":"https:\/\/hoteltierrabuxo.com\/fr\/#\/schema\/logo\/image\/"}}]}},"_links":{"self":[{"href":"https:\/\/hoteltierrabuxo.com\/fr\/wp-json\/wp\/v2\/pages\/767","targetHints":{"allow":["GET"]}}],"collection":[{"href":"https:\/\/hoteltierrabuxo.com\/fr\/wp-json\/wp\/v2\/pages"}],"about":[{"href":"https:\/\/hoteltierrabuxo.com\/fr\/wp-json\/wp\/v2\/types\/page"}],"author":[{"embeddable":true,"href":"https:\/\/hoteltierrabuxo.com\/fr\/wp-json\/wp\/v2\/users\/1"}],"replies":[{"embeddable":true,"href":"https:\/\/hoteltierrabuxo.com\/fr\/wp-json\/wp\/v2\/comments?post=767"}],"version-history":[{"count":3,"href":"https:\/\/hoteltierrabuxo.com\/fr\/wp-json\/wp\/v2\/pages\/767\/revisions"}],"predecessor-version":[{"id":2795,"href":"https:\/\/hoteltierrabuxo.com\/fr\/wp-json\/wp\/v2\/pages\/767\/revisions\/2795"}],"wp:attachment":[{"href":"https:\/\/hoteltierrabuxo.com\/fr\/wp-json\/wp\/v2\/media?parent=767"}],"curies":[{"name":"wp","href":"https:\/\/api.w.org\/{rel}","templated":true}]}}